{"id":1897,"date":"2026-04-15T18:05:55","date_gmt":"2026-04-15T16:05:55","guid":{"rendered":"https:\/\/bl-ivf-clinic.com\/donacion-de-semen\/"},"modified":"2026-04-15T18:05:55","modified_gmt":"2026-04-15T16:05:55","slug":"donacion-de-semen","status":"publish","type":"page","link":"https:\/\/bl-ivf-clinic.com\/fr\/donacion-de-semen\/","title":{"rendered":"Donaci\u00f3n de semen"},"content":{"rendered":"\t\t<div data-elementor-type=\"wp-page\" data-elementor-id=\"1897\" class=\"elementor elementor-1897 elementor-1876\">\n\t\t\t\t<div class=\"elementor-element elementor-element-98d67dc e-con-full e-flex e-con e-parent\" data-id=\"98d67dc\" data-element_type=\"container\" data-settings=\"{&quot;background_background&quot;:&quot;classic&quot;}\">\n\t\t<div class=\"elementor-element elementor-element-a404009 e-con-full e-flex e-con e-child\" data-id=\"a404009\" data-element_type=\"container\" data-settings=\"{&quot;position&quot;:&quot;absolute&quot;,&quot;background_background&quot;:&quot;classic&quot;}\">\n\t\t\t\t<div class=\"elementor-element elementor-element-4cebabc elementor-widget elementor-widget-heading\" data-id=\"4cebabc\" data-element_type=\"widget\" data-widget_type=\"heading.default\">\n\t\t\t\t<div class=\"elementor-widget-container\">\n\t\t\t\t\t<h1 class=\"elementor-heading-title elementor-size-default\">Donaci\u00f3n de semen<\/h1>\t\t\t\t<\/div>\n\t\t\t\t<\/div>\n\t\t\t\t<div class=\"elementor-element elementor-element-d87a327 elementor-widget__width-initial elementor-widget elementor-widget-text-editor\" data-id=\"d87a327\" data-element_type=\"widget\" data-widget_type=\"text-editor.default\">\n\t\t\t\t<div class=\"elementor-widget-container\">\n\t\t\t\t\t\t\t\t\t<p>Tu ayuda en Barcelona crea familias<\/p>\t\t\t\t\t\t\t\t<\/div>\n\t\t\t\t<\/div>\n\t\t<div class=\"elementor-element elementor-element-3f9c865 e-con-full e-grid e-con e-child\" data-id=\"3f9c865\" data-element_type=\"container\">\n\t\t\t\t<\/div>\n\t\t\t\t<\/div>\n\t\t\t\t<\/div>\n\t\t<div class=\"elementor-element elementor-element-d7c0916 e-grid e-con-boxed e-con e-parent\" data-id=\"d7c0916\" data-element_type=\"container\">\n\t\t\t\t\t<div class=\"e-con-inner\">\n\t\t\t\t\t<\/div>\n\t\t\t\t<\/div>\n\t\t<div class=\"elementor-element elementor-element-821c5ea e-flex e-con-boxed e-con e-parent\" data-id=\"821c5ea\" data-element_type=\"container\">\n\t\t\t\t\t<div class=\"e-con-inner\">\n\t\t<div class=\"elementor-element elementor-element-4c86062 e-con-full e-flex e-con e-child\" data-id=\"4c86062\" data-element_type=\"container\">\n\t\t\t\t<div class=\"elementor-element elementor-element-4946203 elementor-widget elementor-widget-text-editor\" data-id=\"4946203\" data-element_type=\"widget\" data-widget_type=\"text-editor.default\">\n\t\t\t\t<div class=\"elementor-widget-container\">\n\t\t\t\t\t\t\t\t\t<h3 data-path-to-node=\"2\">\u00bfPor qu\u00e9 decidirse por la donaci\u00f3n de semen?<\/h3><p data-path-to-node=\"3\">Donar esperma representa un gesto altruista y privado capaz de transformar el futuro de numerosos hogares. Si resides en Barcelona y consideras esta opci\u00f3n, el proceso est\u00e1 dise\u00f1ado para ser directo y accesible.<\/p><p data-path-to-node=\"4\"><b data-path-to-node=\"4\" data-index-in-node=\"0\">Privacidad y confidencialidad total<\/b> Siguiendo la normativa vigente en Espa\u00f1a, la identidad tanto de la persona que dona como de quien recibe la muestra est\u00e1 protegida por un estricto anonimato legal.<\/p><p data-path-to-node=\"5\"><b data-path-to-node=\"5\" data-index-in-node=\"0\">Chequeo de salud sin coste<\/b> Como parte del proceso, acceder\u00e1s a una serie de pruebas diagn\u00f3sticas, junto a una evaluaci\u00f3n cl\u00ednica \u0438 psicol\u00f3gica, permiti\u00e9ndote conocer detalladamente tu bienestar f\u00edsico y emocional.<\/p><p data-path-to-node=\"6\"><b data-path-to-node=\"6\" data-index-in-node=\"0\">Horarios adaptables y sencillez<\/b> El calendario de visitas se organiza en funci\u00f3n de tus necesidades personales, garantizando que el compromiso no interfiera con tus actividades cotidianas o laborales.<\/p><p data-path-to-node=\"7\"><b data-path-to-node=\"7\" data-index-in-node=\"0\">Procedimiento natural sin f\u00e1rmacos<\/b> A diferencia de otros procesos, ser donante de esperma no requiere el uso de ning\u00fan tipo de hormonas o medicamentos, siendo un m\u00e9todo totalmente libre de tratamientos qu\u00edmicos.<\/p><p data-path-to-node=\"3\"><b data-path-to-node=\"3\" data-index-in-node=\"0\">\u00bfQu\u00e9 necesitas para ser donante?<\/b><\/p><ul data-path-to-node=\"4\"><li><p data-path-to-node=\"4,0,0\"><b data-path-to-node=\"4,0,0\" data-index-in-node=\"0\">Edad:<\/b> Tener entre 18 \u0438 40 a\u00f1os.<\/p><\/li><li><p data-path-to-node=\"4,1,0\"><b data-path-to-node=\"4,1,0\" data-index-in-node=\"0\">Salud:<\/b> Estar en buena forma f\u00edsica y mental.<\/p><\/li><li><p data-path-to-node=\"4,2,0\"><b data-path-to-node=\"4,2,0\" data-index-in-node=\"0\">Calidad:<\/b> Contar con una buena calidad seminal (confirmada por nuestros especialistas).<\/p><\/li><li><p data-path-to-node=\"4,3,0\"><b data-path-to-node=\"4,3,0\" data-index-in-node=\"0\">Compromiso:<\/b> Ser una persona solidaria, con ganas de ayudar de forma an\u00f3nima.<\/p><\/li><\/ul>\t\t\t\t\t\t\t\t<\/div>\n\t\t\t\t<\/div>\n\t\t\t\t<\/div>\n\t\t\t\t\t<\/div>\n\t\t\t\t<\/div>\n\t\t<div class=\"elementor-element elementor-element-2aaf787 e-grid e-con-boxed e-con e-parent\" data-id=\"2aaf787\" data-element_type=\"container\" data-settings=\"{&quot;background_background&quot;:&quot;classic&quot;}\">\n\t\t\t\t\t<div class=\"e-con-inner\">\n\t\t<div class=\"elementor-element elementor-element-ee4f44c e-grid e-con-full e-con e-child\" data-id=\"ee4f44c\" data-element_type=\"container\">\n\t\t\t\t<div class=\"elementor-element elementor-element-77f9913 elementor-widget elementor-widget-image\" data-id=\"77f9913\" data-element_type=\"widget\" data-widget_type=\"image.default\">\n\t\t\t\t<div class=\"elementor-widget-container\">\n\t\t\t\t\t\t\t\t\t\t\t\t\t\t\t<img fetchpriority=\"high\" decoding=\"async\" width=\"800\" height=\"534\" src=\"https:\/\/bl-ivf-clinic.com\/wp-content\/uploads\/2026\/04\/5757-1024x683.jpg\" class=\"attachment-large size-large wp-image-1879\" alt=\"\" srcset=\"https:\/\/bl-ivf-clinic.com\/wp-content\/uploads\/2026\/04\/5757-1024x683.jpg 1024w, https:\/\/bl-ivf-clinic.com\/wp-content\/uploads\/2026\/04\/5757-300x200.jpg 300w, https:\/\/bl-ivf-clinic.com\/wp-content\/uploads\/2026\/04\/5757-768x512.jpg 768w, https:\/\/bl-ivf-clinic.com\/wp-content\/uploads\/2026\/04\/5757-1536x1024.jpg 1536w\" sizes=\"(max-width: 800px) 100vw, 800px\" \/>\t\t\t\t\t\t\t\t\t\t\t\t\t\t\t<\/div>\n\t\t\t\t<\/div>\n\t\t\t\t<div class=\"elementor-element elementor-element-7439f0c e-n-tabs-mobile elementor-widget elementor-widget-n-tabs\" data-id=\"7439f0c\" data-element_type=\"widget\" data-settings=\"{&quot;horizontal_scroll&quot;:&quot;disable&quot;}\" data-widget_type=\"nested-tabs.default\">\n\t\t\t\t<div class=\"elementor-widget-container\">\n\t\t\t\t\t\t\t<div class=\"e-n-tabs\" data-widget-number=\"121872140\" aria-label=\"Pesta\u00f1as. Abre elementos con Intro o Espacio, ci\u00e9rralos con Escape y navega con las fechas.\">\n\t\t\t<div class=\"e-n-tabs-heading\" role=\"tablist\">\n\t\t\t\t\t<button id=\"e-n-tab-title-1218721401\" class=\"e-n-tab-title\" aria-selected=\"true\" data-tab-index=\"1\" role=\"tab\" tabindex=\"0\" aria-controls=\"e-n-tab-content-1218721401\" style=\"--n-tabs-title-order: 1;\">\n\t\t\t\t\t\t<span class=\"e-n-tab-title-text\">\n\t\t\t\tHombre\t\t\t<\/span>\n\t\t<\/button>\n\t\t\t\t<button id=\"e-n-tab-title-1218721402\" class=\"e-n-tab-title\" aria-selected=\"false\" data-tab-index=\"2\" role=\"tab\" tabindex=\"-1\" aria-controls=\"e-n-tab-content-1218721402\" style=\"--n-tabs-title-order: 2;\">\n\t\t\t\t\t\t<span class=\"e-n-tab-title-text\">\n\t\t\t\tMujer\t\t\t<\/span>\n\t\t<\/button>\n\t\t\t\t\t<\/div>\n\t\t\t<div class=\"e-n-tabs-content\">\n\t\t\t\t<div id=\"e-n-tab-content-1218721401\" role=\"tabpanel\" aria-labelledby=\"e-n-tab-title-1218721401\" data-tab-index=\"1\" style=\"--n-tabs-title-order: 1;\" class=\"e-active elementor-element elementor-element-9c4704d e-con-full e-flex e-con e-child\" data-id=\"9c4704d\" data-element_type=\"container\">\n\t\t<div class=\"elementor-element elementor-element-a1a653b e-flex e-con-boxed e-con e-child\" data-id=\"a1a653b\" data-element_type=\"container\">\n\t\t\t\t\t<div class=\"e-con-inner\">\n\t\t<div class=\"elementor-element elementor-element-32d28a3 e-con-full e-flex e-con e-child\" data-id=\"32d28a3\" data-element_type=\"container\">\n\t\t\t\t<div class=\"elementor-element elementor-element-665474c elementor-widget elementor-widget-text-editor\" data-id=\"665474c\" data-element_type=\"widget\" data-widget_type=\"text-editor.default\">\n\t\t\t\t<div class=\"elementor-widget-container\">\n\t\t\t\t\t\t\t\t\t<p>Hombre<\/p>\t\t\t\t\t\t\t\t<\/div>\n\t\t\t\t<\/div>\n\t\t\t\t<div class=\"elementor-element elementor-element-77c7287 elementor-align-center popmake-1800 elementor-widget elementor-widget-button\" data-id=\"77c7287\" data-element_type=\"widget\" data-widget_type=\"button.default\">\n\t\t\t\t<div class=\"elementor-widget-container\">\n\t\t\t\t\t\t\t\t\t<div class=\"elementor-button-wrapper\">\n\t\t\t\t\t<a class=\"elementor-button elementor-button-link elementor-size-sm\" href=\"https:\/\/rb.gy\/p5boc4\" target=\"_blank\">\n\t\t\t\t\t\t<span class=\"elementor-button-content-wrapper\">\n\t\t\t\t\t\t\t\t\t<span class=\"elementor-button-text\">Quiero donar<\/span>\n\t\t\t\t\t<\/span>\n\t\t\t\t\t<\/a>\n\t\t\t\t<\/div>\n\t\t\t\t\t\t\t\t<\/div>\n\t\t\t\t<\/div>\n\t\t\t\t<\/div>\n\t\t\t\t\t<\/div>\n\t\t\t\t<\/div>\n\t\t\t\t<\/div>\n\t\t<div id=\"e-n-tab-content-1218721402\" role=\"tabpanel\" aria-labelledby=\"e-n-tab-title-1218721402\" data-tab-index=\"2\" style=\"--n-tabs-title-order: 2;\" class=\" elementor-element elementor-element-6fdd6b4 e-con-full e-flex e-con e-child\" data-id=\"6fdd6b4\" data-element_type=\"container\">\n\t\t<div class=\"elementor-element elementor-element-1b90a7f e-flex e-con-boxed e-con e-child\" data-id=\"1b90a7f\" data-element_type=\"container\">\n\t\t\t\t\t<div class=\"e-con-inner\">\n\t\t<div class=\"elementor-element elementor-element-ff17f0e e-con-full e-flex e-con e-child\" data-id=\"ff17f0e\" data-element_type=\"container\">\n\t\t\t\t<div class=\"elementor-element elementor-element-e84939f elementor-widget elementor-widget-text-editor\" data-id=\"e84939f\" data-element_type=\"widget\" data-widget_type=\"text-editor.default\">\n\t\t\t\t<div class=\"elementor-widget-container\">\n\t\t\t\t\t\t\t\t\t<p>Mujer<\/p>\t\t\t\t\t\t\t\t<\/div>\n\t\t\t\t<\/div>\n\t\t\t\t<div class=\"elementor-element elementor-element-4141efb elementor-align-center popmake-1800 elementor-widget elementor-widget-button\" data-id=\"4141efb\" data-element_type=\"widget\" data-widget_type=\"button.default\">\n\t\t\t\t<div class=\"elementor-widget-container\">\n\t\t\t\t\t\t\t\t\t<div class=\"elementor-button-wrapper\">\n\t\t\t\t\t<a class=\"elementor-button elementor-button-link elementor-size-sm\" href=\"#\">\n\t\t\t\t\t\t<span class=\"elementor-button-content-wrapper\">\n\t\t\t\t\t\t\t\t\t<span class=\"elementor-button-text\">Quiero donar<\/span>\n\t\t\t\t\t<\/span>\n\t\t\t\t\t<\/a>\n\t\t\t\t<\/div>\n\t\t\t\t\t\t\t\t<\/div>\n\t\t\t\t<\/div>\n\t\t\t\t<\/div>\n\t\t\t\t\t<\/div>\n\t\t\t\t<\/div>\n\t\t\t\t<\/div>\n\t\t\t\t\t<\/div>\n\t\t<\/div>\n\t\t\t\t\t\t<\/div>\n\t\t\t\t<\/div>\n\t\t\t\t<\/div>\n\t\t\t\t\t<\/div>\n\t\t\t\t<\/div>\n\t\t<div class=\"elementor-element elementor-element-e8f9e4f e-grid e-con-full e-con e-parent\" data-id=\"e8f9e4f\" data-element_type=\"container\">\n\t\t\t\t<div class=\"elementor-element elementor-element-29b0ba3 elementor-widget__width-inherit elementor-widget elementor-widget-google_maps\" data-id=\"29b0ba3\" data-element_type=\"widget\" data-widget_type=\"google_maps.default\">\n\t\t\t\t<div class=\"elementor-widget-container\">\n\t\t\t\t\t\t\t<div class=\"elementor-custom-embed\">\n\t\t\t<iframe loading=\"lazy\"\n\t\t\t\t\tsrc=\"https:\/\/maps.google.com\/maps?q=Carrer%20Balmes%20238%2008006%20Barcelona&#038;t=m&#038;z=14&#038;output=embed&#038;iwloc=near\"\n\t\t\t\t\ttitle=\"Carrer Balmes 238 08006 Barcelona\"\n\t\t\t\t\taria-label=\"Carrer Balmes 238 08006 Barcelona\"\n\t\t\t><\/iframe>\n\t\t<\/div>\n\t\t\t\t\t\t<\/div>\n\t\t\t\t<\/div>\n\t\t\t\t<\/div>\n\t\t<div class=\"elementor-element elementor-element-9f170c0 e-flex e-con-boxed e-con e-parent\" data-id=\"9f170c0\" data-element_type=\"container\">\n\t\t\t\t\t<div class=\"e-con-inner\">\n\t\t<div class=\"elementor-element elementor-element-3daae12 e-con-full e-flex e-con e-child\" data-id=\"3daae12\" data-element_type=\"container\">\n\t\t\t\t<\/div>\n\t\t\t\t\t<\/div>\n\t\t\t\t<\/div>\n\t\t\t\t<\/div>\n\t\t","protected":false},"excerpt":{"rendered":"<p>Donaci\u00f3n de semen Tu ayuda en Barcelona crea familias \u00bfPor qu\u00e9 decidirse por la donaci\u00f3n de semen? Donar esperma representa un gesto altruista y privado capaz de transformar el futuro de numerosos hogares. Si resides en Barcelona y consideras esta opci\u00f3n, el proceso est\u00e1 dise\u00f1ado para ser directo y accesible. Privacidad y confidencialidad total Siguiendo [&hellip;]<\/p>\n","protected":false},"author":1,"featured_media":0,"parent":0,"menu_order":0,"comment_status":"closed","ping_status":"closed","template":"elementor_header_footer","meta":{"footnotes":""},"class_list":["post-1897","page","type-page","status-publish","hentry"],"_links":{"self":[{"href":"https:\/\/bl-ivf-clinic.com\/fr\/wp-json\/wp\/v2\/pages\/1897","targetHints":{"allow":["GET"]}}],"collection":[{"href":"https:\/\/bl-ivf-clinic.com\/fr\/wp-json\/wp\/v2\/pages"}],"about":[{"href":"https:\/\/bl-ivf-clinic.com\/fr\/wp-json\/wp\/v2\/types\/page"}],"author":[{"embeddable":true,"href":"https:\/\/bl-ivf-clinic.com\/fr\/wp-json\/wp\/v2\/users\/1"}],"replies":[{"embeddable":true,"href":"https:\/\/bl-ivf-clinic.com\/fr\/wp-json\/wp\/v2\/comments?post=1897"}],"version-history":[{"count":0,"href":"https:\/\/bl-ivf-clinic.com\/fr\/wp-json\/wp\/v2\/pages\/1897\/revisions"}],"wp:attachment":[{"href":"https:\/\/bl-ivf-clinic.com\/fr\/wp-json\/wp\/v2\/media?parent=1897"}],"curies":[{"name":"wp","href":"https:\/\/api.w.org\/{rel}","templated":true}]}}