{"id":1896,"date":"2025-03-06T17:04:36","date_gmt":"2025-03-06T16:04:36","guid":{"rendered":"https:\/\/bl-ivf-clinic.com\/contacto\/"},"modified":"2025-03-06T17:04:36","modified_gmt":"2025-03-06T16:04:36","slug":"contacto","status":"publish","type":"page","link":"https:\/\/bl-ivf-clinic.com\/fr\/contacto\/","title":{"rendered":"Contacto"},"content":{"rendered":"\t\t<div data-elementor-type=\"wp-page\" data-elementor-id=\"1896\" class=\"elementor elementor-1896 elementor-958\">\n\t\t\t\t<div class=\"elementor-element elementor-element-98d67dc e-con-full e-flex e-con e-parent\" data-id=\"98d67dc\" data-element_type=\"container\" data-settings=\"{&quot;background_background&quot;:&quot;classic&quot;}\">\n\t\t<div class=\"elementor-element elementor-element-a404009 e-con-full e-flex e-con e-child\" data-id=\"a404009\" data-element_type=\"container\" data-settings=\"{&quot;position&quot;:&quot;absolute&quot;,&quot;background_background&quot;:&quot;classic&quot;}\">\n\t\t\t\t<div class=\"elementor-element elementor-element-4cebabc elementor-widget elementor-widget-heading\" data-id=\"4cebabc\" data-element_type=\"widget\" data-widget_type=\"heading.default\">\n\t\t\t\t<div class=\"elementor-widget-container\">\n\t\t\t\t\t<h1 class=\"elementor-heading-title elementor-size-default\">Contacto<\/h1>\t\t\t\t<\/div>\n\t\t\t\t<\/div>\n\t\t<div class=\"elementor-element elementor-element-3f9c865 e-con-full e-grid e-con e-child\" data-id=\"3f9c865\" data-element_type=\"container\">\n\t\t\t\t<\/div>\n\t\t\t\t<\/div>\n\t\t\t\t<\/div>\n\t\t<div class=\"elementor-element elementor-element-d7c0916 e-grid e-con-boxed e-con e-parent\" data-id=\"d7c0916\" data-element_type=\"container\">\n\t\t\t\t\t<div class=\"e-con-inner\">\n\t\t\t\t\t<\/div>\n\t\t\t\t<\/div>\n\t\t<div class=\"elementor-element elementor-element-2aaf787 e-grid e-con-boxed e-con e-parent\" data-id=\"2aaf787\" data-element_type=\"container\" data-settings=\"{&quot;background_background&quot;:&quot;classic&quot;}\">\n\t\t\t\t\t<div class=\"e-con-inner\">\n\t\t<div class=\"elementor-element elementor-element-e40df4b e-grid e-con-full e-con e-child\" data-id=\"e40df4b\" data-element_type=\"container\">\n\t\t\t\t<div class=\"elementor-element elementor-element-9d792c9 elementor-widget elementor-widget-image\" data-id=\"9d792c9\" data-element_type=\"widget\" data-widget_type=\"image.default\">\n\t\t\t\t<div class=\"elementor-widget-container\">\n\t\t\t\t\t\t\t\t\t\t\t\t\t\t\t<img fetchpriority=\"high\" decoding=\"async\" width=\"800\" height=\"534\" src=\"https:\/\/bl-ivf-clinic.com\/wp-content\/uploads\/2026\/04\/5757-1024x683.jpg\" class=\"attachment-large size-large wp-image-1898\" alt=\"\" srcset=\"https:\/\/bl-ivf-clinic.com\/wp-content\/uploads\/2026\/04\/5757-1024x683.jpg 1024w, https:\/\/bl-ivf-clinic.com\/wp-content\/uploads\/2026\/04\/5757-300x200.jpg 300w, https:\/\/bl-ivf-clinic.com\/wp-content\/uploads\/2026\/04\/5757-768x512.jpg 768w, https:\/\/bl-ivf-clinic.com\/wp-content\/uploads\/2026\/04\/5757-1536x1024.jpg 1536w\" sizes=\"(max-width: 800px) 100vw, 800px\" \/>\t\t\t\t\t\t\t\t\t\t\t\t\t\t\t<\/div>\n\t\t\t\t<\/div>\n\t\t\t\t<div class=\"elementor-element elementor-element-fa9ffa7 e-n-tabs-mobile elementor-widget elementor-widget-n-tabs\" data-id=\"fa9ffa7\" data-element_type=\"widget\" data-settings=\"{&quot;horizontal_scroll&quot;:&quot;disable&quot;}\" data-widget_type=\"nested-tabs.default\">\n\t\t\t\t<div class=\"elementor-widget-container\">\n\t\t\t\t\t\t\t<div class=\"e-n-tabs\" data-widget-number=\"262799271\" aria-label=\"Onglets. Ouvrez des \u00e9l\u00e9ments avec Entrer ou Espace, fermez-les avec Echape et naviguez \u00e0 l&#039;aide des touches fl\u00e9ch\u00e9es.\">\n\t\t\t<div class=\"e-n-tabs-heading\" role=\"tablist\">\n\t\t\t\t\t<button id=\"e-n-tab-title-2627992711\" class=\"e-n-tab-title\" aria-selected=\"true\" data-tab-index=\"1\" role=\"tab\" tabindex=\"0\" aria-controls=\"e-n-tab-content-2627992711\" style=\"--n-tabs-title-order: 1;\">\n\t\t\t\t\t\t<span class=\"e-n-tab-title-text\">\n\t\t\t\tHombre\t\t\t<\/span>\n\t\t<\/button>\n\t\t\t\t<button id=\"e-n-tab-title-2627992712\" class=\"e-n-tab-title\" aria-selected=\"false\" data-tab-index=\"2\" role=\"tab\" tabindex=\"-1\" aria-controls=\"e-n-tab-content-2627992712\" style=\"--n-tabs-title-order: 2;\">\n\t\t\t\t\t\t<span class=\"e-n-tab-title-text\">\n\t\t\t\tMujer\t\t\t<\/span>\n\t\t<\/button>\n\t\t\t\t\t<\/div>\n\t\t\t<div class=\"e-n-tabs-content\">\n\t\t\t\t<div id=\"e-n-tab-content-2627992711\" role=\"tabpanel\" aria-labelledby=\"e-n-tab-title-2627992711\" data-tab-index=\"1\" style=\"--n-tabs-title-order: 1;\" class=\"e-active elementor-element elementor-element-1e2a748 e-con-full e-flex e-con e-child\" data-id=\"1e2a748\" data-element_type=\"container\">\n\t\t<div class=\"elementor-element elementor-element-2509e00 e-flex e-con-boxed e-con e-child\" data-id=\"2509e00\" data-element_type=\"container\">\n\t\t\t\t\t<div class=\"e-con-inner\">\n\t\t<div class=\"elementor-element elementor-element-fa6a53e e-con-full e-flex e-con e-child\" data-id=\"fa6a53e\" data-element_type=\"container\">\n\t\t\t\t<div class=\"elementor-element elementor-element-91f0ba7 elementor-widget elementor-widget-text-editor\" data-id=\"91f0ba7\" data-element_type=\"widget\" data-widget_type=\"text-editor.default\">\n\t\t\t\t<div class=\"elementor-widget-container\">\n\t\t\t\t\t\t\t\t\t<p>Hombre<\/p>\t\t\t\t\t\t\t\t<\/div>\n\t\t\t\t<\/div>\n\t\t\t\t<div class=\"elementor-element elementor-element-e61b38a elementor-align-center popmake-1800 elementor-widget elementor-widget-button\" data-id=\"e61b38a\" data-element_type=\"widget\" data-widget_type=\"button.default\">\n\t\t\t\t<div class=\"elementor-widget-container\">\n\t\t\t\t\t\t\t\t\t<div class=\"elementor-button-wrapper\">\n\t\t\t\t\t<a class=\"elementor-button elementor-button-link elementor-size-sm\" href=\"https:\/\/rb.gy\/p5boc4\" target=\"_blank\">\n\t\t\t\t\t\t<span class=\"elementor-button-content-wrapper\">\n\t\t\t\t\t\t\t\t\t<span class=\"elementor-button-text\">Quiero donar<\/span>\n\t\t\t\t\t<\/span>\n\t\t\t\t\t<\/a>\n\t\t\t\t<\/div>\n\t\t\t\t\t\t\t\t<\/div>\n\t\t\t\t<\/div>\n\t\t\t\t<\/div>\n\t\t\t\t\t<\/div>\n\t\t\t\t<\/div>\n\t\t\t\t<\/div>\n\t\t<div id=\"e-n-tab-content-2627992712\" role=\"tabpanel\" aria-labelledby=\"e-n-tab-title-2627992712\" data-tab-index=\"2\" style=\"--n-tabs-title-order: 2;\" class=\" elementor-element elementor-element-b6a158d e-con-full e-flex e-con e-child\" data-id=\"b6a158d\" data-element_type=\"container\">\n\t\t<div class=\"elementor-element elementor-element-f1557e4 e-flex e-con-boxed e-con e-child\" data-id=\"f1557e4\" data-element_type=\"container\">\n\t\t\t\t\t<div class=\"e-con-inner\">\n\t\t<div class=\"elementor-element elementor-element-8f458d8 e-con-full e-flex e-con e-child\" data-id=\"8f458d8\" data-element_type=\"container\">\n\t\t\t\t<div class=\"elementor-element elementor-element-8ed08c5 elementor-widget elementor-widget-text-editor\" data-id=\"8ed08c5\" data-element_type=\"widget\" data-widget_type=\"text-editor.default\">\n\t\t\t\t<div class=\"elementor-widget-container\">\n\t\t\t\t\t\t\t\t\t<p>Mujer<\/p>\t\t\t\t\t\t\t\t<\/div>\n\t\t\t\t<\/div>\n\t\t\t\t<div class=\"elementor-element elementor-element-5baa674 elementor-align-center popmake-1800 elementor-widget elementor-widget-button\" data-id=\"5baa674\" data-element_type=\"widget\" data-widget_type=\"button.default\">\n\t\t\t\t<div class=\"elementor-widget-container\">\n\t\t\t\t\t\t\t\t\t<div class=\"elementor-button-wrapper\">\n\t\t\t\t\t<a class=\"elementor-button elementor-button-link elementor-size-sm\" href=\"#\">\n\t\t\t\t\t\t<span class=\"elementor-button-content-wrapper\">\n\t\t\t\t\t\t\t\t\t<span class=\"elementor-button-text\">Quiero donar<\/span>\n\t\t\t\t\t<\/span>\n\t\t\t\t\t<\/a>\n\t\t\t\t<\/div>\n\t\t\t\t\t\t\t\t<\/div>\n\t\t\t\t<\/div>\n\t\t\t\t<\/div>\n\t\t\t\t\t<\/div>\n\t\t\t\t<\/div>\n\t\t\t\t<\/div>\n\t\t\t\t\t<\/div>\n\t\t<\/div>\n\t\t\t\t\t\t<\/div>\n\t\t\t\t<\/div>\n\t\t\t\t<\/div>\n\t\t\t\t\t<\/div>\n\t\t\t\t<\/div>\n\t\t<div class=\"elementor-element elementor-element-8e64cb7 e-flex e-con-boxed e-con e-parent\" data-id=\"8e64cb7\" data-element_type=\"container\">\n\t\t\t\t\t<div class=\"e-con-inner\">\n\t\t<div class=\"elementor-element elementor-element-012a104 e-grid e-con-full e-con e-child\" data-id=\"012a104\" data-element_type=\"container\">\n\t\t\t\t<div class=\"elementor-element elementor-element-12ad6d7 elementor-widget__width-inherit elementor-widget elementor-widget-google_maps\" data-id=\"12ad6d7\" data-element_type=\"widget\" data-widget_type=\"google_maps.default\">\n\t\t\t\t<div class=\"elementor-widget-container\">\n\t\t\t\t\t\t\t<div class=\"elementor-custom-embed\">\n\t\t\t<iframe loading=\"lazy\"\n\t\t\t\t\tsrc=\"https:\/\/maps.google.com\/maps?q=Carrer%20Balmes%20238%2008006%20Barcelona&#038;t=m&#038;z=14&#038;output=embed&#038;iwloc=near\"\n\t\t\t\t\ttitle=\"Carrer Balmes 238 08006 Barcelona\"\n\t\t\t\t\taria-label=\"Carrer Balmes 238 08006 Barcelona\"\n\t\t\t><\/iframe>\n\t\t<\/div>\n\t\t\t\t\t\t<\/div>\n\t\t\t\t<\/div>\n\t\t\t\t<\/div>\n\t\t\t\t\t<\/div>\n\t\t\t\t<\/div>\n\t\t\t\t<\/div>\n\t\t","protected":false},"excerpt":{"rendered":"<p>Contacto Hombre Mujer Hombre Quiero donar Mujer Quiero donar Hombre Quiero donar Mujer Quiero donar<\/p>\n","protected":false},"author":1,"featured_media":0,"parent":0,"menu_order":0,"comment_status":"closed","ping_status":"closed","template":"elementor_header_footer","meta":{"footnotes":""},"class_list":["post-1896","page","type-page","status-publish","hentry"],"yoast_head":"<!-- This site is optimized with the Yoast SEO plugin v27.4 - https:\/\/yoast.com\/product\/yoast-seo-wordpress\/ -->\n<title>Contacto - bl-ivf-clinic.com<\/title>\n<meta name=\"robots\" content=\"noindex, follow, max-snippet:-1, max-image-preview:large, max-video-preview:-1\" \/>\n<meta property=\"og:locale\" content=\"fr_FR\" \/>\n<meta property=\"og:type\" content=\"article\" \/>\n<meta property=\"og:title\" content=\"Contacto - bl-ivf-clinic.com\" \/>\n<meta property=\"og:description\" content=\"Contacto Hombre Mujer Hombre Quiero donar Mujer Quiero donar Hombre Quiero donar Mujer Quiero donar\" \/>\n<meta property=\"og:url\" content=\"https:\/\/bl-ivf-clinic.com\/fr\/contacto\/\" \/>\n<meta property=\"og:site_name\" content=\"bl-ivf-clinic.com\" \/>\n<meta property=\"og:image\" content=\"https:\/\/bl-ivf-clinic.com\/wp-content\/uploads\/2026\/04\/5757-1024x683.jpg\" \/>\n\t<meta property=\"og:image:width\" content=\"1024\" \/>\n\t<meta property=\"og:image:height\" content=\"683\" \/>\n\t<meta property=\"og:image:type\" content=\"image\/jpeg\" \/>\n<meta name=\"twitter:card\" content=\"summary_large_image\" \/>\n<script type=\"application\/ld+json\" class=\"yoast-schema-graph\">{\"@context\":\"https:\\\/\\\/schema.org\",\"@graph\":[{\"@type\":\"WebPage\",\"@id\":\"https:\\\/\\\/bl-ivf-clinic.com\\\/fr\\\/contacto\\\/\",\"url\":\"https:\\\/\\\/bl-ivf-clinic.com\\\/fr\\\/contacto\\\/\",\"name\":\"Contacto - bl-ivf-clinic.com\",\"isPartOf\":{\"@id\":\"https:\\\/\\\/bl-ivf-clinic.com\\\/fr\\\/#website\"},\"primaryImageOfPage\":{\"@id\":\"https:\\\/\\\/bl-ivf-clinic.com\\\/fr\\\/contacto\\\/#primaryimage\"},\"image\":{\"@id\":\"https:\\\/\\\/bl-ivf-clinic.com\\\/fr\\\/contacto\\\/#primaryimage\"},\"thumbnailUrl\":\"https:\\\/\\\/bl-ivf-clinic.com\\\/wp-content\\\/uploads\\\/2026\\\/04\\\/5757-1024x683.jpg\",\"datePublished\":\"2025-03-06T16:04:36+00:00\",\"breadcrumb\":{\"@id\":\"https:\\\/\\\/bl-ivf-clinic.com\\\/fr\\\/contacto\\\/#breadcrumb\"},\"inLanguage\":\"fr-FR\",\"potentialAction\":[{\"@type\":\"ReadAction\",\"target\":[\"https:\\\/\\\/bl-ivf-clinic.com\\\/fr\\\/contacto\\\/\"]}]},{\"@type\":\"ImageObject\",\"inLanguage\":\"fr-FR\",\"@id\":\"https:\\\/\\\/bl-ivf-clinic.com\\\/fr\\\/contacto\\\/#primaryimage\",\"url\":\"https:\\\/\\\/bl-ivf-clinic.com\\\/wp-content\\\/uploads\\\/2026\\\/04\\\/5757-1024x683.jpg\",\"contentUrl\":\"https:\\\/\\\/bl-ivf-clinic.com\\\/wp-content\\\/uploads\\\/2026\\\/04\\\/5757-1024x683.jpg\"},{\"@type\":\"BreadcrumbList\",\"@id\":\"https:\\\/\\\/bl-ivf-clinic.com\\\/fr\\\/contacto\\\/#breadcrumb\",\"itemListElement\":[{\"@type\":\"ListItem\",\"position\":1,\"name\":\"Home\",\"item\":\"https:\\\/\\\/bl-ivf-clinic.com\\\/fr\\\/\"},{\"@type\":\"ListItem\",\"position\":2,\"name\":\"Contacto\"}]},{\"@type\":\"WebSite\",\"@id\":\"https:\\\/\\\/bl-ivf-clinic.com\\\/fr\\\/#website\",\"url\":\"https:\\\/\\\/bl-ivf-clinic.com\\\/fr\\\/\",\"name\":\"bl-ivf-clinic.com\",\"description\":\"\",\"publisher\":{\"@id\":\"https:\\\/\\\/bl-ivf-clinic.com\\\/fr\\\/#organization\"},\"potentialAction\":[{\"@type\":\"SearchAction\",\"target\":{\"@type\":\"EntryPoint\",\"urlTemplate\":\"https:\\\/\\\/bl-ivf-clinic.com\\\/fr\\\/?s={search_term_string}\"},\"query-input\":{\"@type\":\"PropertyValueSpecification\",\"valueRequired\":true,\"valueName\":\"search_term_string\"}}],\"inLanguage\":\"fr-FR\"},{\"@type\":\"Organization\",\"@id\":\"https:\\\/\\\/bl-ivf-clinic.com\\\/fr\\\/#organization\",\"name\":\"bl-ivf-clinic.com\",\"url\":\"https:\\\/\\\/bl-ivf-clinic.com\\\/fr\\\/\",\"logo\":{\"@type\":\"ImageObject\",\"inLanguage\":\"fr-FR\",\"@id\":\"https:\\\/\\\/bl-ivf-clinic.com\\\/fr\\\/#\\\/schema\\\/logo\\\/image\\\/\",\"url\":\"https:\\\/\\\/bl-ivf-clinic.com\\\/wp-content\\\/uploads\\\/2025\\\/03\\\/logo.png\",\"contentUrl\":\"https:\\\/\\\/bl-ivf-clinic.com\\\/wp-content\\\/uploads\\\/2025\\\/03\\\/logo.png\",\"width\":2260,\"height\":448,\"caption\":\"bl-ivf-clinic.com\"},\"image\":{\"@id\":\"https:\\\/\\\/bl-ivf-clinic.com\\\/fr\\\/#\\\/schema\\\/logo\\\/image\\\/\"}}]}<\/script>\n<!-- \/ Yoast SEO plugin. -->","yoast_head_json":{"title":"Contacto - bl-ivf-clinic.com","robots":{"index":"noindex","follow":"follow","max-snippet":"max-snippet:-1","max-image-preview":"max-image-preview:large","max-video-preview":"max-video-preview:-1"},"og_locale":"fr_FR","og_type":"article","og_title":"Contacto - bl-ivf-clinic.com","og_description":"Contacto Hombre Mujer Hombre Quiero donar Mujer Quiero donar Hombre Quiero donar Mujer Quiero donar","og_url":"https:\/\/bl-ivf-clinic.com\/fr\/contacto\/","og_site_name":"bl-ivf-clinic.com","og_image":[{"width":1024,"height":683,"url":"https:\/\/bl-ivf-clinic.com\/wp-content\/uploads\/2026\/04\/5757-1024x683.jpg","type":"image\/jpeg"}],"twitter_card":"summary_large_image","schema":{"@context":"https:\/\/schema.org","@graph":[{"@type":"WebPage","@id":"https:\/\/bl-ivf-clinic.com\/fr\/contacto\/","url":"https:\/\/bl-ivf-clinic.com\/fr\/contacto\/","name":"Contacto - bl-ivf-clinic.com","isPartOf":{"@id":"https:\/\/bl-ivf-clinic.com\/fr\/#website"},"primaryImageOfPage":{"@id":"https:\/\/bl-ivf-clinic.com\/fr\/contacto\/#primaryimage"},"image":{"@id":"https:\/\/bl-ivf-clinic.com\/fr\/contacto\/#primaryimage"},"thumbnailUrl":"https:\/\/bl-ivf-clinic.com\/wp-content\/uploads\/2026\/04\/5757-1024x683.jpg","datePublished":"2025-03-06T16:04:36+00:00","breadcrumb":{"@id":"https:\/\/bl-ivf-clinic.com\/fr\/contacto\/#breadcrumb"},"inLanguage":"fr-FR","potentialAction":[{"@type":"ReadAction","target":["https:\/\/bl-ivf-clinic.com\/fr\/contacto\/"]}]},{"@type":"ImageObject","inLanguage":"fr-FR","@id":"https:\/\/bl-ivf-clinic.com\/fr\/contacto\/#primaryimage","url":"https:\/\/bl-ivf-clinic.com\/wp-content\/uploads\/2026\/04\/5757-1024x683.jpg","contentUrl":"https:\/\/bl-ivf-clinic.com\/wp-content\/uploads\/2026\/04\/5757-1024x683.jpg"},{"@type":"BreadcrumbList","@id":"https:\/\/bl-ivf-clinic.com\/fr\/contacto\/#breadcrumb","itemListElement":[{"@type":"ListItem","position":1,"name":"Home","item":"https:\/\/bl-ivf-clinic.com\/fr\/"},{"@type":"ListItem","position":2,"name":"Contacto"}]},{"@type":"WebSite","@id":"https:\/\/bl-ivf-clinic.com\/fr\/#website","url":"https:\/\/bl-ivf-clinic.com\/fr\/","name":"bl-ivf-clinic.com","description":"","publisher":{"@id":"https:\/\/bl-ivf-clinic.com\/fr\/#organization"},"potentialAction":[{"@type":"SearchAction","target":{"@type":"EntryPoint","urlTemplate":"https:\/\/bl-ivf-clinic.com\/fr\/?s={search_term_string}"},"query-input":{"@type":"PropertyValueSpecification","valueRequired":true,"valueName":"search_term_string"}}],"inLanguage":"fr-FR"},{"@type":"Organization","@id":"https:\/\/bl-ivf-clinic.com\/fr\/#organization","name":"bl-ivf-clinic.com","url":"https:\/\/bl-ivf-clinic.com\/fr\/","logo":{"@type":"ImageObject","inLanguage":"fr-FR","@id":"https:\/\/bl-ivf-clinic.com\/fr\/#\/schema\/logo\/image\/","url":"https:\/\/bl-ivf-clinic.com\/wp-content\/uploads\/2025\/03\/logo.png","contentUrl":"https:\/\/bl-ivf-clinic.com\/wp-content\/uploads\/2025\/03\/logo.png","width":2260,"height":448,"caption":"bl-ivf-clinic.com"},"image":{"@id":"https:\/\/bl-ivf-clinic.com\/fr\/#\/schema\/logo\/image\/"}}]}},"_links":{"self":[{"href":"https:\/\/bl-ivf-clinic.com\/fr\/wp-json\/wp\/v2\/pages\/1896","targetHints":{"allow":["GET"]}}],"collection":[{"href":"https:\/\/bl-ivf-clinic.com\/fr\/wp-json\/wp\/v2\/pages"}],"about":[{"href":"https:\/\/bl-ivf-clinic.com\/fr\/wp-json\/wp\/v2\/types\/page"}],"author":[{"embeddable":true,"href":"https:\/\/bl-ivf-clinic.com\/fr\/wp-json\/wp\/v2\/users\/1"}],"replies":[{"embeddable":true,"href":"https:\/\/bl-ivf-clinic.com\/fr\/wp-json\/wp\/v2\/comments?post=1896"}],"version-history":[{"count":0,"href":"https:\/\/bl-ivf-clinic.com\/fr\/wp-json\/wp\/v2\/pages\/1896\/revisions"}],"wp:attachment":[{"href":"https:\/\/bl-ivf-clinic.com\/fr\/wp-json\/wp\/v2\/media?parent=1896"}],"curies":[{"name":"wp","href":"https:\/\/api.w.org\/{rel}","templated":true}]}}